{"id":21578,"date":"2025-12-17T19:35:14","date_gmt":"2025-12-17T19:35:14","guid":{"rendered":"https:\/\/mocktailandcocktail.com\/?post_type=product&#038;p=21578"},"modified":"2026-04-08T10:32:41","modified_gmt":"2026-04-08T10:32:41","slug":"poshe-pornstar-martini-mojito-combo-pack","status":"publish","type":"product","link":"https:\/\/mocktailandcocktail.com\/fr\/boutique\/paquets\/forfaits-mocktails\/poshe-pornstar-martini-mojito-combo-pack\/","title":{"rendered":"POSHE Pornstar Martini &amp; Mojito Combination Pack"},"content":{"rendered":"<p>POSHE Craft Cocktails 0% - Pornstar Martini &amp; Mojito Combo Pack<\/p>\n<p>Vous pr\u00e9f\u00e9rez vous approvisionner directement en vos produits pr\u00e9f\u00e9r\u00e9s ? Avec ce pack de cocktails, vous obtenez 4 bouteilles des saveurs les plus populaires - 100% sans alcool, 100% vegan et parfaites pour les m\u00e9langes, avec ou sans alcool.<\/p>\n<p>Dans ce pack, vous recevrez 4 bouteilles de 500 ml r\u00e9parties entre ces deux saveurs embl\u00e9matiques :<br \/>\n- 2x Pornstar Martini - Tropical, doux et s\u00e9duisant<br \/>\n- 2x Mojito - Frais, menthol\u00e9 et d\u00e9salt\u00e9rant<\/p>\n<p>POSHE offre la libert\u00e9 de d\u00e9guster sans alcool ou de m\u00e9langer soi-m\u00eame avec le spiritueux de son choix.<br \/>\nAvec cet ensemble, vous \u00e9conomisez 15% par rapport aux bouteilles individuelles.<br \/>\nVous pr\u00e9f\u00e9rez essayer quelque chose de diff\u00e9rent ? Les ar\u00f4mes sont \u00e9galement disponibles s\u00e9par\u00e9ment - avec des r\u00e9ductions sur les achats multiples de bouteilles individuelles.<\/p>","protected":false},"excerpt":{"rendered":"<p>POSHE Craft Cocktails 0% - Pornstar Martini &amp; Mojito Combo Pack<\/p>\n<p>Vous pr\u00e9f\u00e9rez vous approvisionner directement en vos produits pr\u00e9f\u00e9r\u00e9s ? Avec ce pack POSHE Craft Cocktails, vous obtenez 4 bouteilles des saveurs les plus populaires - 100% sans alcool, 100% v\u00e9g\u00e9taliennes et parfaites pour les m\u00e9langes, avec ou sans alcool.<\/p>","protected":false},"featured_media":21599,"comment_status":"open","ping_status":"closed","template":"","meta":{"_glsr_average":0,"_glsr_ranking":0,"_glsr_reviews":0},"product_brand":[628],"product_cat":[635,634],"product_tag":[219,435,217,384,639,36,35,43,30,1011],"class_list":{"0":"post-21578","1":"product","2":"type-product","3":"status-publish","4":"has-post-thumbnail","6":"product_brand-poshe-craft-cocktails","7":"product_cat-cocktail-pakketten","8":"product_cat-mocktail-pakketten","9":"product_tag-0-0","10":"product_tag-100-natuurlijk","11":"product_tag-alcoholvrij","12":"product_tag-geen-alcohol","13":"product_tag-mocktails","14":"product_tag-mojito","15":"product_tag-natuurlijke-ingredienten","16":"product_tag-pornstar-martini","17":"product_tag-poshe","18":"product_tag-winterse-cocktails","20":"first","21":"instock","22":"sale","23":"taxable","24":"shipping-taxable","25":"purchasable","26":"product-type-simple"},"bundled_by":[],"bundle_stock_status":"instock","bundle_stock_quantity":2,"bundle_virtual":false,"bundle_layout":"","bundle_add_to_cart_form_location":"","bundle_editable_in_cart":false,"bundle_sold_individually_context":"","bundle_item_grouping":"","bundle_min_size":"","bundle_max_size":"","bundle_price":[],"bundled_items":[],"bundle_sell_ids":[],"aioseo_notices":[],"jetpack_sharing_enabled":true,"tiered_pricing_type":"fixed","tiered_pricing_fixed_rules":[],"tiered_pricing_product_settings":{"layout":"default","base_unit_name":{"singular":null,"plural":null},"default_variation":null},"tiered_pricing_minimum_quantity":null,"tiered_pricing_roles_data":[],"tiered_pricing_percentage_rules":[],"tiered_pricing_maximum_quantity":null,"tiered_pricing_quantity_step":null,"_links":{"self":[{"href":"https:\/\/mocktailandcocktail.com\/fr\/wp-json\/wp\/v2\/product\/21578","targetHints":{"allow":["GET"]}}],"collection":[{"href":"https:\/\/mocktailandcocktail.com\/fr\/wp-json\/wp\/v2\/product"}],"about":[{"href":"https:\/\/mocktailandcocktail.com\/fr\/wp-json\/wp\/v2\/types\/product"}],"replies":[{"embeddable":true,"href":"https:\/\/mocktailandcocktail.com\/fr\/wp-json\/wp\/v2\/comments?post=21578"}],"version-history":[{"count":0,"href":"https:\/\/mocktailandcocktail.com\/fr\/wp-json\/wp\/v2\/product\/21578\/revisions"}],"wp:featuredmedia":[{"embeddable":true,"href":"https:\/\/mocktailandcocktail.com\/fr\/wp-json\/wp\/v2\/media\/21599"}],"wp:attachment":[{"href":"https:\/\/mocktailandcocktail.com\/fr\/wp-json\/wp\/v2\/media?parent=21578"}],"wp:term":[{"taxonomy":"product_brand","embeddable":true,"href":"https:\/\/mocktailandcocktail.com\/fr\/wp-json\/wp\/v2\/product_brand?post=21578"},{"taxonomy":"product_cat","embeddable":true,"href":"https:\/\/mocktailandcocktail.com\/fr\/wp-json\/wp\/v2\/product_cat?post=21578"},{"taxonomy":"product_tag","embeddable":true,"href":"https:\/\/mocktailandcocktail.com\/fr\/wp-json\/wp\/v2\/product_tag?post=21578"}],"curies":[{"name":"wp","href":"https:\/\/api.w.org\/{rel}","templated":true}]}}