{"id":21574,"date":"2025-12-17T19:12:54","date_gmt":"2025-12-17T19:12:54","guid":{"rendered":"https:\/\/mocktailandcocktail.com\/?post_type=product&#038;p=21574"},"modified":"2026-04-08T10:32:41","modified_gmt":"2026-04-08T10:32:41","slug":"paquet-gout-connaissance-poshe","status":"publish","type":"product","link":"https:\/\/mocktailandcocktail.com\/fr\/boutique\/paquets\/forfaits-mocktails\/paquet-gout-connaissance-poshe\/","title":{"rendered":"Paquet d'ar\u00f4mes de connaissance POSHE"},"content":{"rendered":"<p>POSHE Craft Cocktails 0% - M\u00e9langez, go\u00fbtez et savourez. Avec ou sans alcool.<\/p>\n<p>D\u00e9couvrez le luxe des cocktails artisanaux, sans alcool, mais avec des saveurs riches et vari\u00e9es. Les cocktails artisanaux POSHE sont 100% v\u00e9g\u00e9taliens, sans alcool et con\u00e7us pour \u00eatre m\u00e9lang\u00e9s : purs, avec de la glace ou comme base de votre propre cr\u00e9ation avec de l'alcool.<\/p>\n<p>Dans ce pack, vous recevrez 8 bouteilles de 500 ml dans 7 saveurs soigneusement s\u00e9lectionn\u00e9es :<br \/>\n- 2x Pornstar Martini - Tropical, doux et s\u00e9duisant<br \/>\n- Mojito - Frais, menthol\u00e9 et d\u00e9salt\u00e9rant<br \/>\n- Citrus Spritz - doux-amer et effervescent<br \/>\n- Cosmopolitan - El\u00e9gant avec de la canneberge et du citron vert<br \/>\n- Mai Tai - Complexe et fruit\u00e9 avec des notes exotiques<br \/>\n- P\u00e9nicilline - \u00c9pic\u00e9, citronn\u00e9 et \u00e9tonnamment profond en saveur<br \/>\n- Martini Espresso - Cerise - Un espresso riche combin\u00e9 \u00e0 des notes de cerises sucr\u00e9es<\/p>\n<p>Que vous souhaitiez d\u00e9guster sans alcool ou exp\u00e9rimenter avec un spiritueux de votre choix, POSHE vous offre le meilleur des deux mondes.<br \/>\nAvec cet ensemble, vous \u00e9conomisez 15% par rapport aux bouteilles individuelles.<br \/>\nVous pr\u00e9f\u00e9rez une saveur particuli\u00e8re ? Commandez en vrac et b\u00e9n\u00e9ficiez de remises sur les achats multiples de bouteilles POSHE individuelles.<\/p>","protected":false},"excerpt":{"rendered":"<p>POSHE Craft Cocktails 0% - M\u00e9langez, go\u00fbtez et savourez. Avec ou sans alcool.<\/p>\n<p>D\u00e9couvrez le luxe des cocktails artisanaux, sans alcool, mais avec des saveurs riches et vari\u00e9es. Les cocktails artisanaux POSHE sont 100% v\u00e9g\u00e9taliens, sans alcool et con\u00e7us pour \u00eatre m\u00e9lang\u00e9s : purs, avec de la glace ou comme base de votre propre cr\u00e9ation avec de l'alcool.<\/p>\n<p>Dans ce pack, vous recevrez 8 bouteilles de 500 ml dans 7 saveurs soigneusement s\u00e9lectionn\u00e9es.<\/p>","protected":false},"featured_media":21597,"comment_status":"open","ping_status":"closed","template":"","meta":{"_glsr_average":0,"_glsr_ranking":0,"_glsr_reviews":0},"product_brand":[628],"product_cat":[635,634],"product_tag":[219,435,217,40,99,618,290,620,384,29,639,36,35,44,43,30,1011],"class_list":{"0":"post-21574","1":"product","2":"type-product","3":"status-publish","4":"has-post-thumbnail","6":"product_brand-poshe-craft-cocktails","7":"product_cat-cocktail-pakketten","8":"product_cat-mocktail-pakketten","9":"product_tag-0-0","10":"product_tag-100-natuurlijk","11":"product_tag-alcoholvrij","12":"product_tag-cosmopolitan-poshe","13":"product_tag-cosmopolitan-poshe-drinks","14":"product_tag-espresso-cocktail","15":"product_tag-espresso-martini","16":"product_tag-espresso-mix","17":"product_tag-geen-alcohol","18":"product_tag-mai-tai","19":"product_tag-mocktails","20":"product_tag-mojito","21":"product_tag-natuurlijke-ingredienten","22":"product_tag-penicillin","23":"product_tag-pornstar-martini","24":"product_tag-poshe","25":"product_tag-winterse-cocktails","27":"first","28":"instock","29":"sale","30":"taxable","31":"shipping-taxable","32":"purchasable","33":"product-type-simple"},"bundled_by":[],"bundle_stock_status":"instock","bundle_stock_quantity":2,"bundle_virtual":false,"bundle_layout":"","bundle_add_to_cart_form_location":"","bundle_editable_in_cart":false,"bundle_sold_individually_context":"","bundle_item_grouping":"","bundle_min_size":"","bundle_max_size":"","bundle_price":[],"bundled_items":[],"bundle_sell_ids":[],"aioseo_notices":[],"jetpack_sharing_enabled":true,"tiered_pricing_type":"fixed","tiered_pricing_fixed_rules":[],"tiered_pricing_product_settings":{"layout":"default","base_unit_name":{"singular":null,"plural":null},"default_variation":null},"tiered_pricing_minimum_quantity":null,"tiered_pricing_roles_data":[],"tiered_pricing_percentage_rules":[],"tiered_pricing_maximum_quantity":null,"tiered_pricing_quantity_step":null,"_links":{"self":[{"href":"https:\/\/mocktailandcocktail.com\/fr\/wp-json\/wp\/v2\/product\/21574","targetHints":{"allow":["GET"]}}],"collection":[{"href":"https:\/\/mocktailandcocktail.com\/fr\/wp-json\/wp\/v2\/product"}],"about":[{"href":"https:\/\/mocktailandcocktail.com\/fr\/wp-json\/wp\/v2\/types\/product"}],"replies":[{"embeddable":true,"href":"https:\/\/mocktailandcocktail.com\/fr\/wp-json\/wp\/v2\/comments?post=21574"}],"version-history":[{"count":0,"href":"https:\/\/mocktailandcocktail.com\/fr\/wp-json\/wp\/v2\/product\/21574\/revisions"}],"wp:featuredmedia":[{"embeddable":true,"href":"https:\/\/mocktailandcocktail.com\/fr\/wp-json\/wp\/v2\/media\/21597"}],"wp:attachment":[{"href":"https:\/\/mocktailandcocktail.com\/fr\/wp-json\/wp\/v2\/media?parent=21574"}],"wp:term":[{"taxonomy":"product_brand","embeddable":true,"href":"https:\/\/mocktailandcocktail.com\/fr\/wp-json\/wp\/v2\/product_brand?post=21574"},{"taxonomy":"product_cat","embeddable":true,"href":"https:\/\/mocktailandcocktail.com\/fr\/wp-json\/wp\/v2\/product_cat?post=21574"},{"taxonomy":"product_tag","embeddable":true,"href":"https:\/\/mocktailandcocktail.com\/fr\/wp-json\/wp\/v2\/product_tag?post=21574"}],"curies":[{"name":"wp","href":"https:\/\/api.w.org\/{rel}","templated":true}]}}