{"id":21572,"date":"2025-12-17T18:59:36","date_gmt":"2025-12-17T18:59:36","guid":{"rendered":"https:\/\/mocktailandcocktail.com\/?post_type=product&#038;p=21572"},"modified":"2026-04-16T19:34:21","modified_gmt":"2026-04-16T19:34:21","slug":"melange-4-paquets-de-favoris","status":"publish","type":"product","link":"https:\/\/mocktailandcocktail.com\/fr\/boutique\/paquets\/forfaits-cocktail\/melange-4-paquets-de-favoris\/","title":{"rendered":"MIX 4% Paquet de favoris"},"content":{"rendered":"<p>MIX 4% Paquet de favoris - 5 saveurs populaires, 10% moins cher<\/p>\n<p>Envie de nouveaut\u00e9 ? Avec le pack MIX 4% Favourites, vous obtenez 5 cocktails uniques, chacun avec une touche de fra\u00eecheur et de l'alcool 4%. Id\u00e9al pour les f\u00eates, les r\u00e9unions ou les soir\u00e9es de d\u00e9tente entre amis.<\/p>\n<p>Dans ce paquet, vous recevrez 12 bouteilles de 330 ml, chacune ayant son propre caract\u00e8re et sa propre exp\u00e9rience gustative :<\/p>\n<p>3x MOJITO - Menthe, citron vert et rafra\u00eechissant<br \/>\n2x MAI TAI - Fruit\u00e9 avec une pointe de rhum<br \/>\n2x SEX ON THE BEACH - Doux et fruit\u00e9<br \/>\n2x PINA COLADA - Noix de coco, ananas et esprit de f\u00eate<br \/>\n3x PORNSTAR MARTINI - Doux et fruit\u00e9 avec des notes prononc\u00e9es de fruit de la passion<\/p>\n<p>Avec ce pack \"Favourites\", vous \u00e9conomisez 10% par rapport \u00e0 la commande s\u00e9par\u00e9e de ces bouteilles. C'est le moyen id\u00e9al d'essayer les saveurs les plus populaires ET d'\u00e9conomiser.<br \/>\nVous avez trouv\u00e9 votre saveur pr\u00e9f\u00e9r\u00e9e ? Commandez vos saveurs pr\u00e9f\u00e9r\u00e9es s\u00e9par\u00e9ment et b\u00e9n\u00e9ficiez de remises sur les bouteilles MIX individuelles !<\/p>","protected":false},"excerpt":{"rendered":"<p>Profitez de l'ensemble des favoris du MIX 4% : <strong>12 bouteilles de nos 5 saveurs les plus populaires<\/strong>Les produits de la gamme sont des produits de qualit\u00e9, \u00e9l\u00e9gants, rafra\u00eechissants et parfaits pour tous les moments de la vie.<\/p>","protected":false},"featured_media":21596,"comment_status":"open","ping_status":"closed","template":"","meta":{"_glsr_average":0,"_glsr_ranking":0,"_glsr_reviews":0},"product_brand":[630],"product_cat":[635,128,122],"product_tag":[584,548,626,221,29,223,639,36,710,43,227],"class_list":{"0":"post-21572","1":"product","2":"type-product","3":"status-publish","4":"has-post-thumbnail","6":"product_brand-mix","7":"product_cat-cocktail-pakketten","8":"product_cat-cocktails","9":"product_cat-kant-en-klare-cocktails","10":"product_tag-beachcocktail","11":"product_tag-mix","12":"product_tag-330ml","13":"product_tag-blue-lagoon","14":"product_tag-mai-tai","15":"product_tag-margarita","16":"product_tag-mocktails","17":"product_tag-mojito","18":"product_tag-pina-colada","19":"product_tag-pornstar-martini","20":"product_tag-ready2drink","22":"first","23":"instock","24":"sale","25":"taxable","26":"shipping-taxable","27":"purchasable","28":"product-type-simple"},"bundled_by":[],"bundle_stock_status":"instock","bundle_stock_quantity":25,"bundle_virtual":false,"bundle_layout":"","bundle_add_to_cart_form_location":"","bundle_editable_in_cart":false,"bundle_sold_individually_context":"","bundle_item_grouping":"","bundle_min_size":"","bundle_max_size":"","bundle_price":[],"bundled_items":[],"bundle_sell_ids":[],"aioseo_notices":[],"jetpack_sharing_enabled":true,"tiered_pricing_type":"fixed","tiered_pricing_fixed_rules":[],"tiered_pricing_product_settings":{"layout":"default","base_unit_name":{"singular":null,"plural":null},"default_variation":null},"tiered_pricing_minimum_quantity":null,"tiered_pricing_roles_data":[],"tiered_pricing_percentage_rules":[],"tiered_pricing_maximum_quantity":null,"tiered_pricing_quantity_step":null,"_links":{"self":[{"href":"https:\/\/mocktailandcocktail.com\/fr\/wp-json\/wp\/v2\/product\/21572","targetHints":{"allow":["GET"]}}],"collection":[{"href":"https:\/\/mocktailandcocktail.com\/fr\/wp-json\/wp\/v2\/product"}],"about":[{"href":"https:\/\/mocktailandcocktail.com\/fr\/wp-json\/wp\/v2\/types\/product"}],"replies":[{"embeddable":true,"href":"https:\/\/mocktailandcocktail.com\/fr\/wp-json\/wp\/v2\/comments?post=21572"}],"version-history":[{"count":0,"href":"https:\/\/mocktailandcocktail.com\/fr\/wp-json\/wp\/v2\/product\/21572\/revisions"}],"wp:featuredmedia":[{"embeddable":true,"href":"https:\/\/mocktailandcocktail.com\/fr\/wp-json\/wp\/v2\/media\/21596"}],"wp:attachment":[{"href":"https:\/\/mocktailandcocktail.com\/fr\/wp-json\/wp\/v2\/media?parent=21572"}],"wp:term":[{"taxonomy":"product_brand","embeddable":true,"href":"https:\/\/mocktailandcocktail.com\/fr\/wp-json\/wp\/v2\/product_brand?post=21572"},{"taxonomy":"product_cat","embeddable":true,"href":"https:\/\/mocktailandcocktail.com\/fr\/wp-json\/wp\/v2\/product_cat?post=21572"},{"taxonomy":"product_tag","embeddable":true,"href":"https:\/\/mocktailandcocktail.com\/fr\/wp-json\/wp\/v2\/product_tag?post=21572"}],"curies":[{"name":"wp","href":"https:\/\/api.w.org\/{rel}","templated":true}]}}