{"id":21327,"date":"2025-11-19T19:50:18","date_gmt":"2025-11-19T19:50:18","guid":{"rendered":"https:\/\/mocktailandcocktail.com\/?post_type=product&#038;p=21327"},"modified":"2026-04-07T08:02:23","modified_gmt":"2026-04-07T08:02:23","slug":"dcc-paloma-rosa","status":"publish","type":"product","link":"https:\/\/mocktailandcocktail.com\/fr\/boutique\/cocktails-2\/mocktails-prets-a-lemploi\/dcc-paloma-rosa\/","title":{"rendered":"DCC Paloma Rosa 0.0% mocktail"},"content":{"rendered":"<p>Le Dutch Cocktail Club Paloma en canette vous permet de profiter d'un rafra\u00eechissement pur, sans alcool, mais avec la saveur du pamplemousse et du citron vert. D\u00e9licieusement effervescente et \u00e9tonnamment fra\u00eeche, elle est parfaite pour tous les moments o\u00f9 vous souhaitez boire quelque chose de sp\u00e9cial. L'alternative d\u00e9salt\u00e9rante id\u00e9ale sur la terrasse, lors d'une f\u00eate ou simplement \u00e0 la maison. D\u00e9couvrez le caract\u00e8re ensoleill\u00e9 du mocktail Paloma : des saveurs de premi\u00e8re qualit\u00e9, toujours faciles, toujours \u00e9l\u00e9gantes.<\/p>","protected":false},"excerpt":{"rendered":"<ul>\n<li>La d\u00e9licieuse Paloma du Dutch Cocktail Club<\/li>\n<li>D\u00e9licieux pamplemousse et citron vert<\/li>\n<li>Cocktail sans alcool<\/li>\n<li>Pr\u00eat \u00e0 boire<\/li>\n<li>D\u00e9p\u00f4t de 0,15 euro<\/li>\n<\/ul>","protected":false},"featured_media":21349,"comment_status":"open","ping_status":"closed","template":"","meta":{"_glsr_average":5,"_glsr_ranking":3.6363636363636,"_glsr_reviews":1},"product_brand":[986],"product_cat":[378,376],"product_tag":[1006,1007,988,31,987,1003,990,991,993,1004,1005,989,597],"class_list":{"0":"post-21327","1":"product","2":"type-product","3":"status-publish","4":"has-post-thumbnail","6":"product_brand-dutch-cocktail-club","7":"product_cat-kant-en-klare-mocktails","8":"product_cat-mocktails","9":"product_tag-alcoholic-drinks","10":"product_tag-best-cocktails","11":"product_tag-club","12":"product_tag-cocktail","13":"product_tag-dutch","14":"product_tag-famous-cocktails","15":"product_tag-fris","16":"product_tag-intens","17":"product_tag-paloma","18":"product_tag-popular-cocktails","19":"product_tag-popular-drinks","20":"product_tag-puur","21":"product_tag-verfrissendedrank","22":"product_shipping_class-flesverzending_nl","23":"product_deptype-0-15","25":"first","26":"instock","27":"sale","28":"taxable","29":"shipping-taxable","30":"purchasable","31":"product-type-simple"},"bundled_by":[],"bundle_stock_status":"instock","bundle_stock_quantity":11,"bundle_virtual":false,"bundle_layout":"","bundle_add_to_cart_form_location":"","bundle_editable_in_cart":false,"bundle_sold_individually_context":"","bundle_item_grouping":"","bundle_min_size":"","bundle_max_size":"","bundle_price":[],"bundled_items":[],"bundle_sell_ids":[],"aioseo_notices":[],"jetpack_sharing_enabled":true,"tiered_pricing_type":"fixed","tiered_pricing_fixed_rules":[],"tiered_pricing_product_settings":{"layout":"default","base_unit_name":{"singular":null,"plural":null},"default_variation":null},"tiered_pricing_minimum_quantity":null,"tiered_pricing_roles_data":[],"tiered_pricing_percentage_rules":[],"tiered_pricing_maximum_quantity":null,"tiered_pricing_quantity_step":null,"_links":{"self":[{"href":"https:\/\/mocktailandcocktail.com\/fr\/wp-json\/wp\/v2\/product\/21327","targetHints":{"allow":["GET"]}}],"collection":[{"href":"https:\/\/mocktailandcocktail.com\/fr\/wp-json\/wp\/v2\/product"}],"about":[{"href":"https:\/\/mocktailandcocktail.com\/fr\/wp-json\/wp\/v2\/types\/product"}],"replies":[{"embeddable":true,"href":"https:\/\/mocktailandcocktail.com\/fr\/wp-json\/wp\/v2\/comments?post=21327"}],"version-history":[{"count":0,"href":"https:\/\/mocktailandcocktail.com\/fr\/wp-json\/wp\/v2\/product\/21327\/revisions"}],"wp:featuredmedia":[{"embeddable":true,"href":"https:\/\/mocktailandcocktail.com\/fr\/wp-json\/wp\/v2\/media\/21349"}],"wp:attachment":[{"href":"https:\/\/mocktailandcocktail.com\/fr\/wp-json\/wp\/v2\/media?parent=21327"}],"wp:term":[{"taxonomy":"product_brand","embeddable":true,"href":"https:\/\/mocktailandcocktail.com\/fr\/wp-json\/wp\/v2\/product_brand?post=21327"},{"taxonomy":"product_cat","embeddable":true,"href":"https:\/\/mocktailandcocktail.com\/fr\/wp-json\/wp\/v2\/product_cat?post=21327"},{"taxonomy":"product_tag","embeddable":true,"href":"https:\/\/mocktailandcocktail.com\/fr\/wp-json\/wp\/v2\/product_tag?post=21327"}],"curies":[{"name":"wp","href":"https:\/\/api.w.org\/{rel}","templated":true}]}}