{"id":20013,"date":"2025-08-14T18:26:45","date_gmt":"2025-08-14T18:26:45","guid":{"rendered":"https:\/\/mocktailandcocktail.com\/?post_type=product&#038;p=20013"},"modified":"2026-03-23T12:16:40","modified_gmt":"2026-03-23T12:16:40","slug":"johan-freitag-gin-tonic","status":"publish","type":"product","link":"https:\/\/mocktailandcocktail.com\/fr\/boutique\/cocktails\/cocktails-prets-a-lemploi\/johan-freitag-gin-tonic\/","title":{"rendered":"Johan Freitag Gin &amp; Tonic"},"content":{"rendered":"<p>Ingr\u00e9dients : eau, sirop de fructose-glucose, Johan Freitag GIN (13%), acide carbonique, r\u00e9gulateur d'acidit\u00e9 - acide citrique, ar\u00f4me naturel,<br \/>\nar\u00f4me quinine ; conservateur - benzoate de sodium.<\/p>","protected":false},"excerpt":{"rendered":"<p>Johan Freitag 5% - Gin &amp; Tonic<\/p>\n<p>Long drink au go\u00fbt de ros\u00e9 avec du vrai gin Johan Freitag.<br \/>\nLe gin Johan Freitag donne \u00e0 la boisson sa saveur unique et pure, avec un soup\u00e7on d'\u00e9pices naturelles.<\/p>\n<p>- Profil d'ar\u00f4me : Rafra\u00eechissant et p\u00e9tillant, avec le piquant classique du gin, des agrumes frais et une touche de quinine sophistiqu\u00e9e et l\u00e9g\u00e8rement am\u00e8re.<br \/>\n- Suggestion d'utilisation : Servir frais dans un verre \u00e0 cocktail avec de la glace.<br \/>\n- Volume : 330 ml<\/p>\n<p>\ud83c\udf79 Pr\u00eat \u00e0 boire<br \/>\n\ud83d\udeab 5% alcool<br \/>\n\u2744\ufe0f Consommation r\u00e9frig\u00e9r\u00e9e<\/p>","protected":false},"featured_media":20019,"comment_status":"open","ping_status":"closed","template":"","meta":{"_glsr_average":5,"_glsr_ranking":3.6363636363636,"_glsr_reviews":1},"product_brand":[728],"product_cat":[122],"product_tag":[569,31,638,729,719,720,227],"class_list":{"0":"post-20013","1":"product","2":"type-product","3":"status-publish","4":"has-post-thumbnail","6":"product_brand-johan-freitag","7":"product_cat-kant-en-klare-cocktails","8":"product_tag-cocktailmetgin","9":"product_tag-cocktail","10":"product_tag-cocktails","11":"product_tag-gintonic","12":"product_tag-likeuren","13":"product_tag-likeurenmix","14":"product_tag-ready2drink","15":"product_shipping_class-flesverzending_nl","17":"first","18":"instock","19":"taxable","20":"shipping-taxable","21":"purchasable","22":"product-type-simple"},"bundled_by":[],"bundle_stock_status":"instock","bundle_stock_quantity":68,"bundle_virtual":false,"bundle_layout":"","bundle_add_to_cart_form_location":"","bundle_editable_in_cart":false,"bundle_sold_individually_context":"","bundle_item_grouping":"","bundle_min_size":"","bundle_max_size":"","bundle_price":[],"bundled_items":[],"bundle_sell_ids":[],"aioseo_notices":[],"jetpack_sharing_enabled":true,"tiered_pricing_type":"fixed","tiered_pricing_fixed_rules":[],"tiered_pricing_product_settings":{"layout":"default","base_unit_name":{"singular":null,"plural":null},"default_variation":null},"tiered_pricing_minimum_quantity":null,"tiered_pricing_roles_data":[],"tiered_pricing_percentage_rules":[],"tiered_pricing_maximum_quantity":null,"tiered_pricing_quantity_step":null,"_links":{"self":[{"href":"https:\/\/mocktailandcocktail.com\/fr\/wp-json\/wp\/v2\/product\/20013","targetHints":{"allow":["GET"]}}],"collection":[{"href":"https:\/\/mocktailandcocktail.com\/fr\/wp-json\/wp\/v2\/product"}],"about":[{"href":"https:\/\/mocktailandcocktail.com\/fr\/wp-json\/wp\/v2\/types\/product"}],"replies":[{"embeddable":true,"href":"https:\/\/mocktailandcocktail.com\/fr\/wp-json\/wp\/v2\/comments?post=20013"}],"version-history":[{"count":0,"href":"https:\/\/mocktailandcocktail.com\/fr\/wp-json\/wp\/v2\/product\/20013\/revisions"}],"wp:featuredmedia":[{"embeddable":true,"href":"https:\/\/mocktailandcocktail.com\/fr\/wp-json\/wp\/v2\/media\/20019"}],"wp:attachment":[{"href":"https:\/\/mocktailandcocktail.com\/fr\/wp-json\/wp\/v2\/media?parent=20013"}],"wp:term":[{"taxonomy":"product_brand","embeddable":true,"href":"https:\/\/mocktailandcocktail.com\/fr\/wp-json\/wp\/v2\/product_brand?post=20013"},{"taxonomy":"product_cat","embeddable":true,"href":"https:\/\/mocktailandcocktail.com\/fr\/wp-json\/wp\/v2\/product_cat?post=20013"},{"taxonomy":"product_tag","embeddable":true,"href":"https:\/\/mocktailandcocktail.com\/fr\/wp-json\/wp\/v2\/product_tag?post=20013"}],"curies":[{"name":"wp","href":"https:\/\/api.w.org\/{rel}","templated":true}]}}