{"id":18477,"date":"2025-04-26T19:04:52","date_gmt":"2025-04-26T19:04:52","guid":{"rendered":"https:\/\/mocktailandcocktail.com\/?post_type=product&#038;p=18477"},"modified":"2026-04-13T14:26:18","modified_gmt":"2026-04-13T14:26:18","slug":"le-coq-knowledge-taste-package","status":"publish","type":"product","link":"https:\/\/mocktailandcocktail.com\/fr\/boutique\/cocktails-2\/mocktails-prets-a-lemploi\/le-coq-knowledge-taste-package\/","title":{"rendered":"Le Coq 0.0% Paquet d'ar\u00f4mes de connaissance"},"content":{"rendered":"<p><strong>Le Coq 0.0% Tasting Pack - Go\u00fbtez les classiques, sans alcool<\/strong><\/p>\n<p>Laissez-vous surprendre par toute la saveur de vos cocktails pr\u00e9f\u00e9r\u00e9s, sans alcool. Le coffret de d\u00e9gustation Le Coq 0.0% est parfait pour une d\u00e9gustation \u00e0 la maison, un partage entre amis ou un cadeau original.<\/p>\n<p>Dans ce paquet, vous trouverez <strong>12 bouteilles<\/strong> de <strong>330 ml<\/strong>Le produit est divis\u00e9 en cinq saveurs embl\u00e9matiques :<\/p>\n<p>- Mai Tai - Tropical et fruit\u00e9<br \/>\n- Cuba Libre - Frais avec un soup\u00e7on de citron vert<br \/>\n- Mojito - revigorant avec de la menthe et du citron vert<br \/>\n- Margarita - Fra\u00eeche et acide avec une pointe de sel<br \/>\n- Blue Lagoon - Un bleu doux, p\u00e9tillant et saisissant<\/p>\n<p>Chaque variante offre l'exp\u00e9rience d'un cocktail classique, mais 100% sans alcool.<\/p>\n<p><strong>En outre, vous \u00e9conomisez 10%<\/strong> par rapport aux bouteilles individuelles - une fa\u00e7on \u00e9conomique et savoureuse de d\u00e9couvrir toutes les variantes.<\/p>\n<p>Vous avez trouv\u00e9 votre parfum pr\u00e9f\u00e9r\u00e9 ? Commandez votre saveur pr\u00e9f\u00e9r\u00e9e s\u00e9par\u00e9ment et b\u00e9n\u00e9ficiez de remises attrayantes sur les achats multiples !<\/p>","protected":false},"excerpt":{"rendered":"<p>D\u00e9couvrez le go\u00fbt complet et rafra\u00eechissant des cocktails les plus embl\u00e9matiques, le tout sans alcool. Le Coq 0.0% Tasting Pack contient 12 bouteilles (330 ml) r\u00e9parties en cinq variantes irr\u00e9sistibles : Mai Tai, Cuba Libre, Mojito, Margarita et Blue Lagoon. Parfaites pour \u00eatre d\u00e9gust\u00e9es ensemble ou offertes en cadeau. Chaque saveur offre l'exp\u00e9rience authentique d'un cocktail aux saveurs tropicales et fruit\u00e9es, mais 100 % sans alcool.<br \/>\nGo\u00fbtez, d\u00e9couvrez et \u00e9conomisez - car ce pack de d\u00e9gustation est non seulement savoureux, mais aussi moins cher que les bouteilles individuelles. Vous avez trouv\u00e9 votre favori ? Commandez votre variante pr\u00e9f\u00e9r\u00e9e s\u00e9par\u00e9ment et b\u00e9n\u00e9ficiez de remises attrayantes sur les achats multiples !<\/p>","protected":false},"featured_media":21286,"comment_status":"open","ping_status":"closed","template":"","meta":{"_glsr_average":0,"_glsr_ranking":0,"_glsr_reviews":0},"product_brand":[627],"product_cat":[378,634,376],"product_tag":[626,221,239,546,29,223,639,36,227],"class_list":{"0":"post-18477","1":"product","2":"type-product","3":"status-publish","4":"has-post-thumbnail","6":"product_brand-a-le-coq","7":"product_cat-kant-en-klare-mocktails","8":"product_cat-mocktail-pakketten","9":"product_cat-mocktails","10":"product_tag-330ml","11":"product_tag-blue-lagoon","12":"product_tag-cuba-libre","13":"product_tag-le-coq","14":"product_tag-mai-tai","15":"product_tag-margarita","16":"product_tag-mocktails","17":"product_tag-mojito","18":"product_tag-ready2drink","19":"product_shipping_class-flesverzending_nl","21":"first","22":"instock","23":"sale","24":"taxable","25":"shipping-taxable","26":"purchasable","27":"product-type-simple"},"bundled_by":[],"bundle_stock_status":"instock","bundle_stock_quantity":2,"bundle_virtual":false,"bundle_layout":"","bundle_add_to_cart_form_location":"","bundle_editable_in_cart":false,"bundle_sold_individually_context":"","bundle_item_grouping":"","bundle_min_size":"","bundle_max_size":"","bundle_price":[],"bundled_items":[],"bundle_sell_ids":[],"aioseo_notices":[],"jetpack_sharing_enabled":true,"tiered_pricing_type":"fixed","tiered_pricing_fixed_rules":[],"tiered_pricing_product_settings":{"layout":"default","base_unit_name":{"singular":null,"plural":null},"default_variation":null},"tiered_pricing_minimum_quantity":null,"tiered_pricing_roles_data":[],"tiered_pricing_percentage_rules":[],"tiered_pricing_maximum_quantity":null,"tiered_pricing_quantity_step":null,"_links":{"self":[{"href":"https:\/\/mocktailandcocktail.com\/fr\/wp-json\/wp\/v2\/product\/18477","targetHints":{"allow":["GET"]}}],"collection":[{"href":"https:\/\/mocktailandcocktail.com\/fr\/wp-json\/wp\/v2\/product"}],"about":[{"href":"https:\/\/mocktailandcocktail.com\/fr\/wp-json\/wp\/v2\/types\/product"}],"replies":[{"embeddable":true,"href":"https:\/\/mocktailandcocktail.com\/fr\/wp-json\/wp\/v2\/comments?post=18477"}],"version-history":[{"count":0,"href":"https:\/\/mocktailandcocktail.com\/fr\/wp-json\/wp\/v2\/product\/18477\/revisions"}],"wp:featuredmedia":[{"embeddable":true,"href":"https:\/\/mocktailandcocktail.com\/fr\/wp-json\/wp\/v2\/media\/21286"}],"wp:attachment":[{"href":"https:\/\/mocktailandcocktail.com\/fr\/wp-json\/wp\/v2\/media?parent=18477"}],"wp:term":[{"taxonomy":"product_brand","embeddable":true,"href":"https:\/\/mocktailandcocktail.com\/fr\/wp-json\/wp\/v2\/product_brand?post=18477"},{"taxonomy":"product_cat","embeddable":true,"href":"https:\/\/mocktailandcocktail.com\/fr\/wp-json\/wp\/v2\/product_cat?post=18477"},{"taxonomy":"product_tag","embeddable":true,"href":"https:\/\/mocktailandcocktail.com\/fr\/wp-json\/wp\/v2\/product_tag?post=18477"}],"curies":[{"name":"wp","href":"https:\/\/api.w.org\/{rel}","templated":true}]}}