{"id":101,"date":"2024-04-17T12:09:50","date_gmt":"2024-04-17T12:09:50","guid":{"rendered":"https:\/\/mocktailandcocktail.com\/?post_type=product&#038;p=101"},"modified":"2026-03-29T17:32:39","modified_gmt":"2026-03-29T17:32:39","slug":"mai-tai","status":"publish","type":"product","link":"https:\/\/mocktailandcocktail.com\/fr\/boutique\/cocktails-2\/mai-tai\/","title":{"rendered":"Mai Tai 500ml"},"content":{"rendered":"<p>Ingr\u00e9dients POSHE Cocktails artisanaux Mai Tai :<\/p>\n<p>\u00c9corce d'orange, tranches d'orange s\u00e9ch\u00e9es, amandes, m\u00e9lasse de sucre de canne, eau de source, acide citrique, sucre.<\/p>","protected":false},"excerpt":{"rendered":"<p>POSHE Craft Cocktails Le Mai Tai apporte des vibrations tropicales instantan\u00e9es dans votre verre gr\u00e2ce \u00e0 ce m\u00e9lange exotique d'agrumes et d'amandes.<\/p>\n<ul>\n<li>Profil d'ar\u00f4me : Doux et acide, avec des agrumes tropicaux et un soup\u00e7on d'amande.<\/li>\n<li>Suggestion d'utilisation : Servir dans un verre tumbler avec de la glace, garni d'une tranche de citron vert et de feuilles de menthe.<\/li>\n<li>Volume : 500 ml<\/li>\n<li>Taux d'alcool : 0,0%<\/li>\n<\/ul>\n<p>\ud83c\udf3f Fabriqu\u00e9 \u00e0 partir de 100% ingr\u00e9dients naturels, sans additifs artificiels<br \/>\n\ud83c\udf31 Vegan et sans gluten<br \/>\n\ud83c\udf78 Convient aussi bien aux mocktails qu'aux cocktails en ajoutant 40 ml de rhum par verre<br \/>\n\ud83e\udd42 Jusqu'\u00e0 6 boissons par bouteille<br \/>\n\ud83d\udcd6 Convivialit\u00e9 : instructions pour la pr\u00e9paration de cocktails et de mocktails sur la bouteille !<\/p>","protected":false},"featured_media":1040,"comment_status":"open","ping_status":"closed","template":"","meta":{"_glsr_average":5,"_glsr_ranking":3.6363636363636,"_glsr_reviews":1},"product_brand":[628],"product_cat":[376,380],"product_tag":[219,82,217,33,999,34,31,638,386,388,384,1000,1001,29,32,639,35,1002,998,997,996,995,97,95,120,304],"class_list":{"0":"post-101","1":"product","2":"type-product","3":"status-publish","4":"has-post-thumbnail","6":"product_brand-poshe-craft-cocktails","7":"product_cat-mocktails","8":"product_cat-premium-doe-het-zelf","9":"product_tag-0-0","10":"product_tag-100-vegan","11":"product_tag-alcoholvrij","12":"product_tag-bartender","13":"product_tag-bnnvara","14":"product_tag-cleanlabel","15":"product_tag-cocktail","16":"product_tag-cocktails","17":"product_tag-craft-cocktail","18":"product_tag-craft-cocktails","19":"product_tag-geen-alcohol","20":"product_tag-kassa","21":"product_tag-lekkerst","22":"product_tag-mai-tai","23":"product_tag-mocktail","24":"product_tag-mocktails","25":"product_tag-natuurlijke-ingredienten","26":"product_tag-nederand","27":"product_tag-nojito","28":"product_tag-poche","29":"product_tag-porsche","30":"product_tag-posche","31":"product_tag-poshe-drinks","32":"product_tag-premix","33":"product_tag-premixed","34":"product_tag-zomercocktail","35":"product_shipping_class-flesverzending_nl","37":"first","38":"instock","39":"taxable","40":"shipping-taxable","41":"purchasable","42":"product-type-simple"},"bundled_by":[],"bundle_stock_status":"instock","bundle_stock_quantity":10,"bundle_virtual":false,"bundle_layout":"","bundle_add_to_cart_form_location":"","bundle_editable_in_cart":false,"bundle_sold_individually_context":"","bundle_item_grouping":"","bundle_min_size":"","bundle_max_size":"","bundle_price":[],"bundled_items":[],"bundle_sell_ids":[],"aioseo_notices":[],"jetpack_sharing_enabled":true,"tiered_pricing_type":"fixed","tiered_pricing_fixed_rules":[],"tiered_pricing_product_settings":{"layout":"default","base_unit_name":{"singular":null,"plural":null},"default_variation":null},"tiered_pricing_minimum_quantity":null,"tiered_pricing_roles_data":[],"tiered_pricing_percentage_rules":[],"tiered_pricing_maximum_quantity":null,"tiered_pricing_quantity_step":null,"_links":{"self":[{"href":"https:\/\/mocktailandcocktail.com\/fr\/wp-json\/wp\/v2\/product\/101","targetHints":{"allow":["GET"]}}],"collection":[{"href":"https:\/\/mocktailandcocktail.com\/fr\/wp-json\/wp\/v2\/product"}],"about":[{"href":"https:\/\/mocktailandcocktail.com\/fr\/wp-json\/wp\/v2\/types\/product"}],"replies":[{"embeddable":true,"href":"https:\/\/mocktailandcocktail.com\/fr\/wp-json\/wp\/v2\/comments?post=101"}],"version-history":[{"count":0,"href":"https:\/\/mocktailandcocktail.com\/fr\/wp-json\/wp\/v2\/product\/101\/revisions"}],"wp:featuredmedia":[{"embeddable":true,"href":"https:\/\/mocktailandcocktail.com\/fr\/wp-json\/wp\/v2\/media\/1040"}],"wp:attachment":[{"href":"https:\/\/mocktailandcocktail.com\/fr\/wp-json\/wp\/v2\/media?parent=101"}],"wp:term":[{"taxonomy":"product_brand","embeddable":true,"href":"https:\/\/mocktailandcocktail.com\/fr\/wp-json\/wp\/v2\/product_brand?post=101"},{"taxonomy":"product_cat","embeddable":true,"href":"https:\/\/mocktailandcocktail.com\/fr\/wp-json\/wp\/v2\/product_cat?post=101"},{"taxonomy":"product_tag","embeddable":true,"href":"https:\/\/mocktailandcocktail.com\/fr\/wp-json\/wp\/v2\/product_tag?post=101"}],"curies":[{"name":"wp","href":"https:\/\/api.w.org\/{rel}","templated":true}]}}