{"id":98,"date":"2024-04-17T12:09:49","date_gmt":"2024-04-17T12:09:49","guid":{"rendered":"https:\/\/mocktailandcocktail.com\/?post_type=product&#038;p=98"},"modified":"2026-04-08T10:32:44","modified_gmt":"2026-04-08T10:32:44","slug":"pornostar-martini","status":"publish","type":"product","link":"https:\/\/mocktailandcocktail.com\/de\/shop\/mocktails\/pornostar-martini\/","title":{"rendered":"Pornstar Martini 500ml"},"content":{"rendered":"<p>Zutaten POSHE Craft Cocktails Pornstar Martini :<\/p>\n<p>Passionsfruchtp\u00fcree, Vanille, Quellwasser, Zitronens\u00e4ure, Zucker.<\/p>","protected":false},"excerpt":{"rendered":"<p>POSHE Craft Cocktails Pornstar Martini sorgt mit diesem unwiderstehlichen Klassiker auf Passionsfrucht- und Vanillebasis f\u00fcr einen tropischen Aha-Effekt auf jeder Party.<\/p>\n<ul>\n<li>Geschmacksprofil: Fruchtig, s\u00fc\u00df und sauer mit ausgepr\u00e4gter Passionsfrucht und einem Hauch von Vanille.<\/li>\n<li>Empfohlene Verwendung: Gek\u00fchlt in einem Martiniglas servieren, eventuell mit einer halben Passionsfrucht als Garnitur.<\/li>\n<li>Volumen: 500 ml<\/li>\n<li>Alkoholgehalt: 0,0%<\/li>\n<\/ul>\n<p>\ud83c\udf3f Hergestellt aus 100% nat\u00fcrlichen Zutaten, ohne k\u00fcnstliche Zusatzstoffe<br \/>\n\ud83c\udf31 Vegan und glutenfrei<br \/>\n\ud83c\udf78 Geeignet f\u00fcr Mocktails und Cocktails durch Zugabe von 40 ml Wodka pro Glas<br \/>\n\ud83e\udd42 Bis zu 6 Getr\u00e4nke aus einer Flasche<br \/>\n\ud83d\udcd6 Benutzerfreundlich: Anleitung zur Zubereitung von Cocktails und Mocktails auf der Flasche!<\/p>","protected":false},"featured_media":1029,"comment_status":"open","ping_status":"closed","template":"","meta":{"_glsr_average":4.8,"_glsr_ranking":3.9333333333333,"_glsr_reviews":5},"product_brand":[628],"product_cat":[376,380],"product_tag":[219,82,217,406,33,999,34,31,402,396,398,394,638,386,388,544,384,404,1000,545,543,1001,42,32,639,35,1002,998,400,316,997,41,43,996,995,97,95,120,304],"class_list":{"0":"post-98","1":"product","2":"type-product","3":"status-publish","4":"has-post-thumbnail","6":"product_brand-poshe-craft-cocktails","7":"product_cat-mocktails","8":"product_cat-premium-doe-het-zelf","9":"product_tag-0-0","10":"product_tag-100-vegan","11":"product_tag-alcoholvrij","12":"product_tag-alcoholvrije-mix","13":"product_tag-bartender","14":"product_tag-bnnvara","15":"product_tag-cleanlabel","16":"product_tag-cocktail","17":"product_tag-cocktail-cadeau","18":"product_tag-cocktail-feestje","19":"product_tag-cocktailfeest","20":"product_tag-cocktailparty","21":"product_tag-cocktails","22":"product_tag-craft-cocktail","23":"product_tag-craft-cocktails","24":"product_tag-fles","25":"product_tag-geen-alcohol","26":"product_tag-kantenklaar","27":"product_tag-kassa","28":"product_tag-kopen","29":"product_tag-lekkerder-dan-de-kuyper","30":"product_tag-lekkerst","31":"product_tag-martini","32":"product_tag-mocktail","33":"product_tag-mocktails","34":"product_tag-natuurlijke-ingredienten","35":"product_tag-nederand","36":"product_tag-nojito","37":"product_tag-party-pakket","38":"product_tag-passievrucht","39":"product_tag-poche","40":"product_tag-pornstar","41":"product_tag-pornstar-martini","42":"product_tag-porsche","43":"product_tag-posche","44":"product_tag-poshe-drinks","45":"product_tag-premix","46":"product_tag-premixed","47":"product_tag-zomercocktail","48":"product_shipping_class-flesverzending_nl","50":"first","51":"instock","52":"taxable","53":"shipping-taxable","54":"purchasable","55":"product-type-simple"},"bundled_by":[],"bundle_stock_status":"instock","bundle_stock_quantity":4,"bundle_virtual":false,"bundle_layout":"","bundle_add_to_cart_form_location":"","bundle_editable_in_cart":false,"bundle_sold_individually_context":"","bundle_item_grouping":"","bundle_min_size":"","bundle_max_size":"","bundle_price":[],"bundled_items":[],"bundle_sell_ids":[],"aioseo_notices":[],"jetpack_sharing_enabled":true,"tiered_pricing_type":"fixed","tiered_pricing_fixed_rules":[],"tiered_pricing_product_settings":{"layout":"default","base_unit_name":{"singular":null,"plural":null},"default_variation":null},"tiered_pricing_minimum_quantity":null,"tiered_pricing_roles_data":[],"tiered_pricing_percentage_rules":[],"tiered_pricing_maximum_quantity":null,"tiered_pricing_quantity_step":null,"_links":{"self":[{"href":"https:\/\/mocktailandcocktail.com\/de\/wp-json\/wp\/v2\/product\/98","targetHints":{"allow":["GET"]}}],"collection":[{"href":"https:\/\/mocktailandcocktail.com\/de\/wp-json\/wp\/v2\/product"}],"about":[{"href":"https:\/\/mocktailandcocktail.com\/de\/wp-json\/wp\/v2\/types\/product"}],"replies":[{"embeddable":true,"href":"https:\/\/mocktailandcocktail.com\/de\/wp-json\/wp\/v2\/comments?post=98"}],"version-history":[{"count":0,"href":"https:\/\/mocktailandcocktail.com\/de\/wp-json\/wp\/v2\/product\/98\/revisions"}],"wp:featuredmedia":[{"embeddable":true,"href":"https:\/\/mocktailandcocktail.com\/de\/wp-json\/wp\/v2\/media\/1029"}],"wp:attachment":[{"href":"https:\/\/mocktailandcocktail.com\/de\/wp-json\/wp\/v2\/media?parent=98"}],"wp:term":[{"taxonomy":"product_brand","embeddable":true,"href":"https:\/\/mocktailandcocktail.com\/de\/wp-json\/wp\/v2\/product_brand?post=98"},{"taxonomy":"product_cat","embeddable":true,"href":"https:\/\/mocktailandcocktail.com\/de\/wp-json\/wp\/v2\/product_cat?post=98"},{"taxonomy":"product_tag","embeddable":true,"href":"https:\/\/mocktailandcocktail.com\/de\/wp-json\/wp\/v2\/product_tag?post=98"}],"curies":[{"name":"wp","href":"https:\/\/api.w.org\/{rel}","templated":true}]}}