{"id":22731,"date":"2026-05-05T10:43:31","date_gmt":"2026-05-05T10:43:31","guid":{"rendered":"https:\/\/mocktailandcocktail.com\/?post_type=product&#038;p=22731"},"modified":"2026-05-09T08:48:26","modified_gmt":"2026-05-09T08:48:26","slug":"boplaas-verdelho","status":"publish","type":"product","link":"https:\/\/mocktailandcocktail.com\/de\/shop\/weine\/boplaas-verdelho\/","title":{"rendered":"Boplaas Verdelho"},"content":{"rendered":"<p><strong>Boplaas Verdelho 750ml<\/strong><\/p>\n<p>Boplaas Cape Portuguese White 2023 ist der dritte Jahrgang eines innovativen Wei\u00dfweins aus Verdehlo, einer exotischen portugiesischen Rebsorte.<\/p>\n<p>Die intensiven Aromen von Zitrusfr\u00fcchten, Ananas und Birne des Verdehlo verbinden sich mit frischer S\u00e4ure. Ein aromatischer, leichter Wein mit Aromen von tropischen Fr\u00fcchten, Zitrusfr\u00fcchten, Birne, Granny-Smith-Apfel, Zitronengras und frischer S\u00e4ure.<\/p>\n<p><strong>Weinbereitung<\/strong><\/p>\n<p>Die Trauben werden in den k\u00fchlen Morgenstunden von Hand geerntet und in temperaturkontrollierten Edelstahltanks vergoren, um die exotischen Fruchtaromen und die frische S\u00e4ure dieses angenehmen trockenen Wei\u00dfweins zu erhalten.<\/p>\n<p><strong>Das Weingut Boplaas<\/strong><\/p>\n<p>Boplaas befindet sich in Calitzdorp, einem kleinen malerischen Dorf am S\u00fcdkap in der majest\u00e4tischen Kleinen Karoo. Die Familie Nel blickt auf ein reiches Erbe von mehr als 150 Jahren zur\u00fcck. Boplaas ist ein Familienbetrieb mit Carel Nel, einem Kap-Weinmeister, als Eigent\u00fcmer und Kellermeister. Boplaas gilt seit langem als Vorreiter in der Herstellung von Spitzenweinen und Portwein.<\/p>\n<p><strong>K\u00f6stlich mit<\/strong><\/p>\n<p>Dieser Wein eignet sich ideal als Aperitif oder als Begleiter zu frischen Meeresfr\u00fcchten, gebratenen Calamari oder einer gro\u00dfz\u00fcgigen Paella, aromatischen asiatischen Gerichten, einem Sonntagsbraten oder gegrilltem Peri-Peri-Huhn. Genie\u00dfen Sie ihn gek\u00fchlt, in guter Gesellschaft und genie\u00dfen Sie einen weiteren herrlichen afrikanischen Sonnenuntergang.<\/p>","protected":false},"excerpt":{"rendered":"<p><strong>Boplaas Verdelho 750ml<\/strong><\/p>\n<p>Ein innovativer Wei\u00dfwein, hergestellt aus 100% Verdelho - einer exotischen portugiesischen Rebsorte, die in der Region Calitzdorp gedeiht.<\/p>\n<p><strong>Verkostungsnotizen:<\/strong><\/p>\n<p>Dieser aromatische, leichte Wein vereint Aromen von tropischen Fr\u00fcchten, Zitrusfr\u00fcchten, gelber Birne, Granny Smith Apfel, Zitronengras und frischer S\u00e4ure.<\/p>\n<p><strong>Vorschl\u00e4ge zum Servieren:<\/strong><\/p>\n<p>Dieser Wein ist ein idealer Aperitif oder Begleiter zu frischen Meeresfr\u00fcchten - gegrillten Maiskolben, gebratenen Calamari oder einer gro\u00dfz\u00fcgigen Paella; aromatischen asiatischen Gerichten; einem Sonntagsbraten; gegrilltem Peri-Peri-Huhn oder einem informellen Abendessen im Freien.<\/p>\n<p>Genie\u00dfen Sie einen entspannten Moment in guter Gesellschaft und bewundern Sie einen weiteren sch\u00f6nen afrikanischen Sonnenuntergang.<\/p>","protected":false},"featured_media":22732,"comment_status":"open","ping_status":"closed","template":"","meta":{"_glsr_average":4.7,"_glsr_ranking":3.7769230769231,"_glsr_reviews":3},"product_brand":[631],"product_cat":[128,103],"product_tag":[112,705,114,990,1091,110,108,1092,1090],"class_list":{"0":"post-22731","1":"product","2":"type-product","3":"status-publish","4":"has-post-thumbnail","6":"product_brand-boplaas-wijnen","7":"product_cat-cocktails","8":"product_cat-wijnen","9":"product_tag-boplaas","10":"product_tag-citroen","11":"product_tag-exclusief","12":"product_tag-fris","13":"product_tag-gele-peer","14":"product_tag-inthemix","15":"product_tag-prosecco","16":"product_tag-vis","17":"product_tag-wit","18":"product_shipping_class-flesverzending_nl","20":"first","21":"instock","22":"featured","23":"taxable","24":"shipping-taxable","25":"purchasable","26":"product-type-simple"},"bundled_by":[],"bundle_stock_status":"instock","bundle_stock_quantity":12,"bundle_virtual":false,"bundle_layout":"","bundle_add_to_cart_form_location":"","bundle_editable_in_cart":false,"bundle_sold_individually_context":"","bundle_item_grouping":"","bundle_min_size":"","bundle_max_size":"","bundle_price":[],"bundled_items":[],"bundle_sell_ids":[],"aioseo_notices":[],"jetpack_sharing_enabled":true,"tiered_pricing_type":"fixed","tiered_pricing_fixed_rules":[],"tiered_pricing_product_settings":{"layout":"default","base_unit_name":{"singular":null,"plural":null},"default_variation":null},"tiered_pricing_minimum_quantity":null,"tiered_pricing_roles_data":[],"tiered_pricing_percentage_rules":[],"tiered_pricing_maximum_quantity":null,"tiered_pricing_quantity_step":null,"_links":{"self":[{"href":"https:\/\/mocktailandcocktail.com\/de\/wp-json\/wp\/v2\/product\/22731","targetHints":{"allow":["GET"]}}],"collection":[{"href":"https:\/\/mocktailandcocktail.com\/de\/wp-json\/wp\/v2\/product"}],"about":[{"href":"https:\/\/mocktailandcocktail.com\/de\/wp-json\/wp\/v2\/types\/product"}],"replies":[{"embeddable":true,"href":"https:\/\/mocktailandcocktail.com\/de\/wp-json\/wp\/v2\/comments?post=22731"}],"version-history":[{"count":3,"href":"https:\/\/mocktailandcocktail.com\/de\/wp-json\/wp\/v2\/product\/22731\/revisions"}],"predecessor-version":[{"id":22735,"href":"https:\/\/mocktailandcocktail.com\/de\/wp-json\/wp\/v2\/product\/22731\/revisions\/22735"}],"wp:featuredmedia":[{"embeddable":true,"href":"https:\/\/mocktailandcocktail.com\/de\/wp-json\/wp\/v2\/media\/22732"}],"wp:attachment":[{"href":"https:\/\/mocktailandcocktail.com\/de\/wp-json\/wp\/v2\/media?parent=22731"}],"wp:term":[{"taxonomy":"product_brand","embeddable":true,"href":"https:\/\/mocktailandcocktail.com\/de\/wp-json\/wp\/v2\/product_brand?post=22731"},{"taxonomy":"product_cat","embeddable":true,"href":"https:\/\/mocktailandcocktail.com\/de\/wp-json\/wp\/v2\/product_cat?post=22731"},{"taxonomy":"product_tag","embeddable":true,"href":"https:\/\/mocktailandcocktail.com\/de\/wp-json\/wp\/v2\/product_tag?post=22731"}],"curies":[{"name":"wp","href":"https:\/\/api.w.org\/{rel}","templated":true}]}}