{"id":22597,"date":"2026-04-07T08:07:18","date_gmt":"2026-04-07T08:07:18","guid":{"rendered":"https:\/\/mocktailandcocktail.com\/?post_type=product&#038;p=22597"},"modified":"2026-05-09T00:35:33","modified_gmt":"2026-05-09T00:35:33","slug":"le-coq-4-7-appletini-330ml","status":"publish","type":"product","link":"https:\/\/mocktailandcocktail.com\/de\/shop\/cocktails\/fertigcocktails\/le-coq-4-7-appletini-330ml\/","title":{"rendered":"Le Coq 4.7% Appletini 330ml"},"content":{"rendered":"<p>Appletini ist ein erfrischender Cocktail mit frischem, gr\u00fcnem Apfelgeschmack. Die Kombination aus Apfelwein und nat\u00fcrlichen Apfelaromen ergibt ein sanftes Getr\u00e4nk mit einer perfekten Balance zwischen S\u00fc\u00dfe und Frische.<\/p>\n<p>Zutaten: Apfelwein, Wasser, Zucker, Kohlens\u00e4ure, S\u00e4ureregulator - Zitronens\u00e4ure, nat\u00fcrliche Aromen, Konzentrate (Zitrone und Saflor), Stabilisatoren - E414, E445, Farbstoff - Brillantblau FCF, Konservierungsmittel - Kaliumsorbat.<\/p>\n<p>Enth\u00e4lt Sulfite<\/p>","protected":false},"excerpt":{"rendered":"<p>Appletini ist ein erfrischender Cocktail mit frischem, gr\u00fcnem Apfelgeschmack. Die Kombination aus Apfelwein und nat\u00fcrlichen Apfelaromen ergibt ein sanftes Getr\u00e4nk mit einer perfekten Balance zwischen S\u00fc\u00dfe und Frische.<\/p>\n<ul>\n<li>Geschmacksprofil: Frisch und leicht s\u00e4uerlich, ausgepr\u00e4gter Apfelgeschmack.<\/li>\n<li>Empfohlene Verwendung: Gek\u00fchlt in einem hohen Glas mit Eisw\u00fcrfeln servieren.<\/li>\n<li>Volumen: 330 ml<\/li>\n<\/ul>\n<p>\ud83c\udf79 Bereit zum Trinken<br \/>\n\ud83c\udf78 4.7% Alkohol<br \/>\n\u2744\ufe0f Gek\u00fchlter Verbrauch<\/p>","protected":false},"featured_media":22598,"comment_status":"open","ping_status":"closed","template":"","meta":{"_glsr_average":5,"_glsr_ranking":3.6363636363636,"_glsr_reviews":1},"product_brand":[627],"product_cat":[128,122],"product_tag":[547,1067,1069,146,1066,542,540,541,267,31,638,265,546,1068,95,120,227],"class_list":{"0":"post-22597","1":"product","2":"type-product","3":"status-publish","4":"has-post-thumbnail","6":"product_brand-a-le-coq","7":"product_cat-cocktails","8":"product_cat-kant-en-klare-cocktails","9":"product_tag-a-le-coq","10":"product_tag-appel","11":"product_tag-appelwijn","12":"product_tag-apple","13":"product_tag-appletini","14":"product_tag-bacardi","15":"product_tag-breezer","16":"product_tag-breezers","17":"product_tag-classic","18":"product_tag-cocktail","19":"product_tag-cocktails","20":"product_tag-jamesbond","21":"product_tag-le-coq","22":"product_tag-martini-apple","23":"product_tag-premix","24":"product_tag-premixed","25":"product_tag-ready2drink","26":"product_shipping_class-flesverzending_nl","28":"first","29":"instock","30":"featured","31":"taxable","32":"shipping-taxable","33":"purchasable","34":"product-type-simple"},"bundled_by":[],"bundle_stock_status":"instock","bundle_stock_quantity":21,"bundle_virtual":false,"bundle_layout":"","bundle_add_to_cart_form_location":"","bundle_editable_in_cart":false,"bundle_sold_individually_context":"","bundle_item_grouping":"","bundle_min_size":"","bundle_max_size":"","bundle_price":[],"bundled_items":[],"bundle_sell_ids":[],"aioseo_notices":[],"jetpack_sharing_enabled":true,"tiered_pricing_type":"fixed","tiered_pricing_fixed_rules":[],"tiered_pricing_product_settings":{"layout":"default","base_unit_name":{"singular":null,"plural":null},"default_variation":null},"tiered_pricing_minimum_quantity":null,"tiered_pricing_roles_data":[],"tiered_pricing_percentage_rules":[],"tiered_pricing_maximum_quantity":null,"tiered_pricing_quantity_step":null,"_links":{"self":[{"href":"https:\/\/mocktailandcocktail.com\/de\/wp-json\/wp\/v2\/product\/22597","targetHints":{"allow":["GET"]}}],"collection":[{"href":"https:\/\/mocktailandcocktail.com\/de\/wp-json\/wp\/v2\/product"}],"about":[{"href":"https:\/\/mocktailandcocktail.com\/de\/wp-json\/wp\/v2\/types\/product"}],"replies":[{"embeddable":true,"href":"https:\/\/mocktailandcocktail.com\/de\/wp-json\/wp\/v2\/comments?post=22597"}],"version-history":[{"count":1,"href":"https:\/\/mocktailandcocktail.com\/de\/wp-json\/wp\/v2\/product\/22597\/revisions"}],"predecessor-version":[{"id":22690,"href":"https:\/\/mocktailandcocktail.com\/de\/wp-json\/wp\/v2\/product\/22597\/revisions\/22690"}],"wp:featuredmedia":[{"embeddable":true,"href":"https:\/\/mocktailandcocktail.com\/de\/wp-json\/wp\/v2\/media\/22598"}],"wp:attachment":[{"href":"https:\/\/mocktailandcocktail.com\/de\/wp-json\/wp\/v2\/media?parent=22597"}],"wp:term":[{"taxonomy":"product_brand","embeddable":true,"href":"https:\/\/mocktailandcocktail.com\/de\/wp-json\/wp\/v2\/product_brand?post=22597"},{"taxonomy":"product_cat","embeddable":true,"href":"https:\/\/mocktailandcocktail.com\/de\/wp-json\/wp\/v2\/product_cat?post=22597"},{"taxonomy":"product_tag","embeddable":true,"href":"https:\/\/mocktailandcocktail.com\/de\/wp-json\/wp\/v2\/product_tag?post=22597"}],"curies":[{"name":"wp","href":"https:\/\/api.w.org\/{rel}","templated":true}]}}