{"id":22390,"date":"2026-02-02T09:10:05","date_gmt":"2026-02-02T09:10:05","guid":{"rendered":"https:\/\/mocktailandcocktail.com\/?post_type=product&#038;p=22390"},"modified":"2026-03-23T12:08:37","modified_gmt":"2026-03-23T12:08:37","slug":"olvi-seltzer-saftige-himbeere","status":"publish","type":"product","link":"https:\/\/mocktailandcocktail.com\/de\/shop\/moderne-getranke\/olvi-seltzer-saftige-himbeere\/","title":{"rendered":"OLVI Seltzer Saftige Himbeere"},"content":{"rendered":"<p>OLVI Hard Seltzer Juiced Raspberry ist ein erfrischendes alkoholisches und kohlens\u00e4urehaltiges Wasser mit dem Geschmack einer saftigen Himbeere. Das Produkt enth\u00e4lt 4,5% Alkohol und hat einen niedrigen Kaloriengehalt im Vergleich zu anderen Cocktails: 27 kcal pro 100 ml. Dem Produkt werden kein Zucker, keine k\u00fcnstlichen S\u00fc\u00dfstoffe und keine Farbstoffe zugesetzt; es werden nur nat\u00fcrliche Aromen verwendet. OLVI Hard Seltzer Juiced Raspberry kann kalt, pur oder mit Eis und Beeren getrunken werden.<\/p>\n<p>Zutaten: Wasser, Wodka, wei\u00dfer Traubensaft (3,7%) und Himbeersaft (0,1%) aus Konzentrat, Kohlens\u00e4ure, nat\u00fcrliche Aromen, S\u00e4ureregulator (Zitronens\u00e4ure), Konservierungsmittel (Natriumbenzoat).<\/p>","protected":false},"excerpt":{"rendered":"<p>OLVI Hard Seltzer Juiced Raspberry ist ein leicht sprudelndes Hard Seltzer mit saftigem Himbeergeschmack und 4,5% Alkohol.<\/p>\n<ul>\n<li>Nur 27 kcal pro 100 ml<\/li>\n<li>Ohne Zuckerzusatz<\/li>\n<li>Keine k\u00fcnstlichen zoetstoffen oder Farbstoffen<\/li>\n<li>Hergestellt mit nat\u00fcrlichen Aromen<\/li>\n<li>K\u00f6stlich, eiskalt zu trinken<\/li>\n<\/ul>","protected":false},"featured_media":22437,"comment_status":"open","ping_status":"closed","template":"","meta":{"_glsr_average":5,"_glsr_ranking":3.6363636363636,"_glsr_reviews":1},"product_brand":[1058],"product_cat":[1035],"product_tag":[1006,1007,1003,946,736,740,739,756,1004,1005,106,750],"class_list":{"0":"post-22390","1":"product","2":"type-product","3":"status-publish","4":"has-post-thumbnail","6":"product_brand-olvi","7":"product_cat-modern-beverages","8":"product_tag-alcoholic-drinks","9":"product_tag-best-cocktails","10":"product_tag-famous-cocktails","11":"product_tag-hardseltzer","12":"product_tag-icetea","13":"product_tag-ijsthee","14":"product_tag-ijsthee-cocktail","15":"product_tag-nextgenerationcocktail","16":"product_tag-popular-cocktails","17":"product_tag-popular-drinks","18":"product_tag-sparkling","19":"product_tag-sparklingtea","20":"product_shipping_class-flesverzending_nl","21":"product_deptype-0-15","23":"first","24":"instock","25":"featured","26":"taxable","27":"shipping-taxable","28":"purchasable","29":"product-type-simple"},"bundled_by":[],"bundle_stock_status":"instock","bundle_stock_quantity":23,"bundle_virtual":false,"bundle_layout":"","bundle_add_to_cart_form_location":"","bundle_editable_in_cart":false,"bundle_sold_individually_context":"","bundle_item_grouping":"","bundle_min_size":"","bundle_max_size":"","bundle_price":[],"bundled_items":[],"bundle_sell_ids":[],"aioseo_notices":[],"jetpack_sharing_enabled":true,"tiered_pricing_type":"fixed","tiered_pricing_fixed_rules":[],"tiered_pricing_product_settings":{"layout":"default","base_unit_name":{"singular":null,"plural":null},"default_variation":null},"tiered_pricing_minimum_quantity":null,"tiered_pricing_roles_data":[],"tiered_pricing_percentage_rules":[],"tiered_pricing_maximum_quantity":null,"tiered_pricing_quantity_step":null,"_links":{"self":[{"href":"https:\/\/mocktailandcocktail.com\/de\/wp-json\/wp\/v2\/product\/22390","targetHints":{"allow":["GET"]}}],"collection":[{"href":"https:\/\/mocktailandcocktail.com\/de\/wp-json\/wp\/v2\/product"}],"about":[{"href":"https:\/\/mocktailandcocktail.com\/de\/wp-json\/wp\/v2\/types\/product"}],"replies":[{"embeddable":true,"href":"https:\/\/mocktailandcocktail.com\/de\/wp-json\/wp\/v2\/comments?post=22390"}],"version-history":[{"count":0,"href":"https:\/\/mocktailandcocktail.com\/de\/wp-json\/wp\/v2\/product\/22390\/revisions"}],"wp:featuredmedia":[{"embeddable":true,"href":"https:\/\/mocktailandcocktail.com\/de\/wp-json\/wp\/v2\/media\/22437"}],"wp:attachment":[{"href":"https:\/\/mocktailandcocktail.com\/de\/wp-json\/wp\/v2\/media?parent=22390"}],"wp:term":[{"taxonomy":"product_brand","embeddable":true,"href":"https:\/\/mocktailandcocktail.com\/de\/wp-json\/wp\/v2\/product_brand?post=22390"},{"taxonomy":"product_cat","embeddable":true,"href":"https:\/\/mocktailandcocktail.com\/de\/wp-json\/wp\/v2\/product_cat?post=22390"},{"taxonomy":"product_tag","embeddable":true,"href":"https:\/\/mocktailandcocktail.com\/de\/wp-json\/wp\/v2\/product_tag?post=22390"}],"curies":[{"name":"wp","href":"https:\/\/api.w.org\/{rel}","templated":true}]}}