{"id":21336,"date":"2025-11-19T20:12:08","date_gmt":"2025-11-19T20:12:08","guid":{"rendered":"https:\/\/mocktailandcocktail.com\/?post_type=product&#038;p=21336"},"modified":"2026-04-07T08:03:39","modified_gmt":"2026-04-07T08:03:39","slug":"dcc-passion-mojito-0-0-mocktail","status":"publish","type":"product","link":"https:\/\/mocktailandcocktail.com\/de\/shop\/mocktails\/fertige-mocktails\/dcc-passion-mojito-0-0-mocktail\/","title":{"rendered":"DCC Passion Mojito 0.0% Mocktail"},"content":{"rendered":"<p>Probieren Sie den exotischen Dutch Cocktail Club Passion Mojito: ein einzigartiger Mocktail aus der Dose mit dem tropischen Geschmack frischer Passionsfr\u00fcchte, der Frische von Limetten und einem Hauch von Minze. V\u00f6llig alkoholfrei und vollgepackt mit Geschmack - perfekt gek\u00fchlt als prickelnder Durstl\u00f6scher f\u00fcr jeden Moment. Genie\u00dfen Sie diesen farbenfrohen, hochwertigen Mocktail, wann und wo immer Sie wollen; einfach, stilvoll und immer \u00fcberraschend lecker.<\/p>","protected":false},"excerpt":{"rendered":"<ul>\n<li>K\u00f6stlicher Passion Mojito von Dutch Cocktail Club<\/li>\n<li>K\u00f6stlicher Geschmack von Passionsfrucht, Limette und Minze<\/li>\n<li>Alkoholfreier Mocktail<\/li>\n<li>Bereit zum Trinken<\/li>\n<li>0,15 \u20ac Kaution<\/li>\n<\/ul>","protected":false},"featured_media":21350,"comment_status":"open","ping_status":"closed","template":"","meta":{"_glsr_average":5,"_glsr_ranking":3.6363636363636,"_glsr_reviews":1},"product_brand":[986],"product_cat":[378,376],"product_tag":[1006,1007,988,31,987,1003,990,991,36,994,1004,1005,989,597],"class_list":{"0":"post-21336","1":"product","2":"type-product","3":"status-publish","4":"has-post-thumbnail","6":"product_brand-dutch-cocktail-club","7":"product_cat-kant-en-klare-mocktails","8":"product_cat-mocktails","9":"product_tag-alcoholic-drinks","10":"product_tag-best-cocktails","11":"product_tag-club","12":"product_tag-cocktail","13":"product_tag-dutch","14":"product_tag-famous-cocktails","15":"product_tag-fris","16":"product_tag-intens","17":"product_tag-mojito","18":"product_tag-passion","19":"product_tag-popular-cocktails","20":"product_tag-popular-drinks","21":"product_tag-puur","22":"product_tag-verfrissendedrank","23":"product_shipping_class-flesverzending_nl","24":"product_deptype-0-15","26":"first","27":"instock","28":"sale","29":"taxable","30":"shipping-taxable","31":"purchasable","32":"product-type-simple"},"bundled_by":[],"bundle_stock_status":"instock","bundle_stock_quantity":10,"bundle_virtual":false,"bundle_layout":"","bundle_add_to_cart_form_location":"","bundle_editable_in_cart":false,"bundle_sold_individually_context":"","bundle_item_grouping":"","bundle_min_size":"","bundle_max_size":"","bundle_price":[],"bundled_items":[],"bundle_sell_ids":[],"aioseo_notices":[],"jetpack_sharing_enabled":true,"tiered_pricing_type":"fixed","tiered_pricing_fixed_rules":[],"tiered_pricing_product_settings":{"layout":"default","base_unit_name":{"singular":null,"plural":null},"default_variation":null},"tiered_pricing_minimum_quantity":null,"tiered_pricing_roles_data":[],"tiered_pricing_percentage_rules":[],"tiered_pricing_maximum_quantity":null,"tiered_pricing_quantity_step":null,"_links":{"self":[{"href":"https:\/\/mocktailandcocktail.com\/de\/wp-json\/wp\/v2\/product\/21336","targetHints":{"allow":["GET"]}}],"collection":[{"href":"https:\/\/mocktailandcocktail.com\/de\/wp-json\/wp\/v2\/product"}],"about":[{"href":"https:\/\/mocktailandcocktail.com\/de\/wp-json\/wp\/v2\/types\/product"}],"replies":[{"embeddable":true,"href":"https:\/\/mocktailandcocktail.com\/de\/wp-json\/wp\/v2\/comments?post=21336"}],"version-history":[{"count":0,"href":"https:\/\/mocktailandcocktail.com\/de\/wp-json\/wp\/v2\/product\/21336\/revisions"}],"wp:featuredmedia":[{"embeddable":true,"href":"https:\/\/mocktailandcocktail.com\/de\/wp-json\/wp\/v2\/media\/21350"}],"wp:attachment":[{"href":"https:\/\/mocktailandcocktail.com\/de\/wp-json\/wp\/v2\/media?parent=21336"}],"wp:term":[{"taxonomy":"product_brand","embeddable":true,"href":"https:\/\/mocktailandcocktail.com\/de\/wp-json\/wp\/v2\/product_brand?post=21336"},{"taxonomy":"product_cat","embeddable":true,"href":"https:\/\/mocktailandcocktail.com\/de\/wp-json\/wp\/v2\/product_cat?post=21336"},{"taxonomy":"product_tag","embeddable":true,"href":"https:\/\/mocktailandcocktail.com\/de\/wp-json\/wp\/v2\/product_tag?post=21336"}],"curies":[{"name":"wp","href":"https:\/\/api.w.org\/{rel}","templated":true}]}}