{"id":1977,"date":"2024-07-05T14:30:16","date_gmt":"2024-07-05T14:30:16","guid":{"rendered":"https:\/\/mocktailandcocktail.com\/?post_type=product&#038;p=1977"},"modified":"2026-04-10T16:32:29","modified_gmt":"2026-04-10T16:32:29","slug":"le-coq-tommy-collins","status":"publish","type":"product","link":"https:\/\/mocktailandcocktail.com\/de\/shop\/cocktails\/fertigcocktails\/le-coq-tommy-collins\/","title":{"rendered":"Le Coq 4.7% Tommy Collins 330ml"},"content":{"rendered":"<p>Zutaten Le Coq Tommy Collins: Apfel- und schwarzer Johannisbeerwein; Wasser; Zucker; schwarzer Johannisbeersaft aus Saftkonzentrat; Kohlendioxid; S\u00e4ureregulator - Zitronens\u00e4ure; nat\u00fcrliche Aromen; Konzentrate (Karotte und Hibiskus); Stabilisatoren - E445, E414; Konservierungsstoffe - Kaliumsorbat, Kaliummetabisulfit.<br \/>\nEnth\u00e4lt Sulfite.<\/p>","protected":false},"excerpt":{"rendered":"<p>Le Coq Tommy Collins ist ein \u00fcberraschender Cocktail mit dem saftigen Geschmack von schwarzen Johannisbeeren - ideal f\u00fcr gesellige Momente.<\/p>\n<ul>\n<li>Geschmacksprofil: S\u00fc\u00df und leicht s\u00e4uerlich mit ausgepr\u00e4gten Noten von schwarzen Johannisbeeren.<\/li>\n<li>Empfohlene Verwendung: Gek\u00fchlt in einem Tumbler-Glas mit Eis und einer Zitronenscheibe servieren.<\/li>\n<li>Volumen: 330 ml<\/li>\n<\/ul>\n<p>\ud83c\udf79 Bereit zum Trinken<br \/>\n\ud83c\udf78 4.7% Alkohol<br \/>\n\u2744\ufe0f Gek\u00fchlter Verbrauch<\/p>","protected":false},"featured_media":1961,"comment_status":"open","ping_status":"closed","template":"","meta":{"_glsr_average":0,"_glsr_ranking":0,"_glsr_reviews":0},"product_brand":[627],"product_cat":[128,122],"product_tag":[547,542,540,541,31,638,546,95,120,227,225],"class_list":{"0":"post-1977","1":"product","2":"type-product","3":"status-publish","4":"has-post-thumbnail","6":"product_brand-a-le-coq","7":"product_cat-cocktails","8":"product_cat-kant-en-klare-cocktails","9":"product_tag-a-le-coq","10":"product_tag-bacardi","11":"product_tag-breezer","12":"product_tag-breezers","13":"product_tag-cocktail","14":"product_tag-cocktails","15":"product_tag-le-coq","16":"product_tag-premix","17":"product_tag-premixed","18":"product_tag-ready2drink","19":"product_tag-tommy-collins","20":"product_shipping_class-flesverzending_nl","22":"first","23":"instock","24":"taxable","25":"shipping-taxable","26":"purchasable","27":"product-type-simple"},"bundled_by":[],"bundle_stock_status":"instock","bundle_stock_quantity":64,"bundle_virtual":false,"bundle_layout":"","bundle_add_to_cart_form_location":"","bundle_editable_in_cart":false,"bundle_sold_individually_context":"","bundle_item_grouping":"","bundle_min_size":"","bundle_max_size":"","bundle_price":[],"bundled_items":[],"bundle_sell_ids":[],"aioseo_notices":[],"jetpack_sharing_enabled":true,"tiered_pricing_type":"fixed","tiered_pricing_fixed_rules":[],"tiered_pricing_product_settings":{"layout":"default","base_unit_name":{"singular":null,"plural":null},"default_variation":null},"tiered_pricing_minimum_quantity":null,"tiered_pricing_roles_data":[],"tiered_pricing_percentage_rules":[],"tiered_pricing_maximum_quantity":null,"tiered_pricing_quantity_step":null,"_links":{"self":[{"href":"https:\/\/mocktailandcocktail.com\/de\/wp-json\/wp\/v2\/product\/1977","targetHints":{"allow":["GET"]}}],"collection":[{"href":"https:\/\/mocktailandcocktail.com\/de\/wp-json\/wp\/v2\/product"}],"about":[{"href":"https:\/\/mocktailandcocktail.com\/de\/wp-json\/wp\/v2\/types\/product"}],"replies":[{"embeddable":true,"href":"https:\/\/mocktailandcocktail.com\/de\/wp-json\/wp\/v2\/comments?post=1977"}],"version-history":[{"count":0,"href":"https:\/\/mocktailandcocktail.com\/de\/wp-json\/wp\/v2\/product\/1977\/revisions"}],"wp:featuredmedia":[{"embeddable":true,"href":"https:\/\/mocktailandcocktail.com\/de\/wp-json\/wp\/v2\/media\/1961"}],"wp:attachment":[{"href":"https:\/\/mocktailandcocktail.com\/de\/wp-json\/wp\/v2\/media?parent=1977"}],"wp:term":[{"taxonomy":"product_brand","embeddable":true,"href":"https:\/\/mocktailandcocktail.com\/de\/wp-json\/wp\/v2\/product_brand?post=1977"},{"taxonomy":"product_cat","embeddable":true,"href":"https:\/\/mocktailandcocktail.com\/de\/wp-json\/wp\/v2\/product_cat?post=1977"},{"taxonomy":"product_tag","embeddable":true,"href":"https:\/\/mocktailandcocktail.com\/de\/wp-json\/wp\/v2\/product_tag?post=1977"}],"curies":[{"name":"wp","href":"https:\/\/api.w.org\/{rel}","templated":true}]}}